{"id":316,"date":"2024-05-31T21:46:33","date_gmt":"2024-05-31T19:46:33","guid":{"rendered":"https:\/\/glokaal.be\/?post_type=product&#038;p=316"},"modified":"2025-05-04T00:39:15","modified_gmt":"2025-05-03T22:39:15","slug":"dermacress-high-quality-skincare-75ml","status":"publish","type":"product","link":"https:\/\/glokaal.be\/index.php\/product\/dermacress-high-quality-skincare-75ml\/","title":{"rendered":"DermaCress High Quality Skincare 75ml"},"content":{"rendered":"<p>&nbsp;<\/p>\n<p>DERMACRESS bevat een unieke samenstelling op basis van biologisch geteelde waterkers (Nasturtium officinale), aangevuld met verschillende plantaardige extracten en essenti\u00eble oli\u00ebn. Deze speciale combinatie van natuurlijke ingredi\u00ebnten hydrateert de opperhuid en ondersteunt het herstel van de huid.<\/p>\n<p>Het is cruciaal om de bijsluiter nauwkeurig te lezen voor het beste gebruik van DermaCress.<\/p>\n<p>Dermacress is een 100% natuurlijk en zuiver product, zonder emulgatoren of stabilisatoren. De optimale bewaartemperatuur is tussen 18\u00b0 en 20\u00b0C. Op deze temperatuur blijft de cr\u00e8me zacht en homogeen, is het eenvoudig aan te brengen en komt het vlot uit de tube. Boven de 23\u00b0C wordt het product vloeibaar. Dit be\u00efnvloedt de werking niet, maar maakt het doseren van de cr\u00e8me in olievorm moeilijker en het loopt sneller uit de tube. Onder de 17\u00b0C wordt de cr\u00e8me steviger. Dit heeft geen invloed op de effectiviteit, maar bemoeilijkt het uit de tube halen. In zo&#8217;n geval kunt u de tube langzaam opwarmen tot kamertemperatuur om de consistentie te verzachten.<\/p>\n<p>\u2022 Huidverzorgend<br \/>\n\u2022 Hydraterend<br \/>\n\u2022 Verzachtend<br \/>\n\u2022 Bevordert huidherstel<br \/>\n\u2022 Ondersteunt bij sport en fitness (behoud van soepele spieren)<\/p>\n<p>Bewaaradvies en gebruik:<br \/>\nDermacress is een 100% natuurlijk en zuiver product zonder toegevoegde emulgatoren of stabilisatoren. De ideale bewaartemperatuur is tussen 18\u00b0 en 20\u00b0C. Op deze temperatuur behoudt de cr\u00e8me een zachte, homogene consistentie, is het gemakkelijk aan te brengen en komt het soepel uit de tube. Boven de 23\u00b0C wordt het product vloeibaar, wat het doseren lastiger maakt, maar de werking blijft onaangetast. Onder de 17\u00b0C wordt de cr\u00e8me steviger, wat het moeilijker maakt om uit de tube te halen. In dat geval kunt u de tube geleidelijk opwarmen tot kamertemperatuur.<\/p>\n","protected":false},"excerpt":{"rendered":"<p>DERMACRESS heeft een unieke formule op basis van biologisch gekweekte waterkers (Nasturtium officinale), verrijkt met diverse plantaardige extracten en essenti\u00eble oli\u00ebn. Dankzij deze bijzondere mix van natuurlijke bestanddelen hydrateert DERMACRESS de opperhuid en bevordert het de huidherstel.<\/p>\n","protected":false},"featured_media":317,"comment_status":"open","ping_status":"closed","template":"","meta":[],"product_brand":[],"product_cat":[50],"product_tag":[],"class_list":{"0":"post-316","1":"product","2":"type-product","3":"status-publish","4":"has-post-thumbnail","6":"product_cat-supplementen-en-vitamines","7":"product_shipping_class-basic-geleverd","9":"first","10":"instock","11":"taxable","12":"shipping-taxable","13":"purchasable","14":"product-type-simple","15":"customify-col"},"_links":{"self":[{"href":"https:\/\/glokaal.be\/index.php\/wp-json\/wp\/v2\/product\/316","targetHints":{"allow":["GET"]}}],"collection":[{"href":"https:\/\/glokaal.be\/index.php\/wp-json\/wp\/v2\/product"}],"about":[{"href":"https:\/\/glokaal.be\/index.php\/wp-json\/wp\/v2\/types\/product"}],"replies":[{"embeddable":true,"href":"https:\/\/glokaal.be\/index.php\/wp-json\/wp\/v2\/comments?post=316"}],"wp:featuredmedia":[{"embeddable":true,"href":"https:\/\/glokaal.be\/index.php\/wp-json\/wp\/v2\/media\/317"}],"wp:attachment":[{"href":"https:\/\/glokaal.be\/index.php\/wp-json\/wp\/v2\/media?parent=316"}],"wp:term":[{"taxonomy":"product_brand","embeddable":true,"href":"https:\/\/glokaal.be\/index.php\/wp-json\/wp\/v2\/product_brand?post=316"},{"taxonomy":"product_cat","embeddable":true,"href":"https:\/\/glokaal.be\/index.php\/wp-json\/wp\/v2\/product_cat?post=316"},{"taxonomy":"product_tag","embeddable":true,"href":"https:\/\/glokaal.be\/index.php\/wp-json\/wp\/v2\/product_tag?post=316"}],"curies":[{"name":"wp","href":"https:\/\/api.w.org\/{rel}","templated":true}]}}